{"id":417,"date":"2022-02-12T17:37:12","date_gmt":"2022-02-12T17:37:12","guid":{"rendered":"https:\/\/artesenmontehermoso.com.ar\/?post_type=product&#038;p=417"},"modified":"2025-09-24T00:36:27","modified_gmt":"2025-09-24T00:36:27","slug":"dije-de-alpaca-y-reconstituido-de-mina-de-lapiz","status":"publish","type":"product","link":"https:\/\/artesenmontehermoso.com.ar\/index.php\/producto\/dije-de-alpaca-y-reconstituido-de-mina-de-lapiz\/","title":{"rendered":"Dije de alpaca y reconstituido de mina de lapiz."},"content":{"rendered":"","protected":false},"excerpt":{"rendered":"<p>Dije de alpaca y reconstituido de mina de l\u00e1piz. 6 cm x 3 cm. Dise\u00f1os \u00fanicos<\/p>\n","protected":false},"featured_media":413,"comment_status":"open","ping_status":"closed","template":"","meta":[],"product_cat":[44],"product_tag":[],"class_list":["post-417","product","type-product","status-publish","has-post-thumbnail","hentry","product_cat-dije-de-alpaca-y-reconstituido-de-mina-de-lapiz"],"_links":{"self":[{"href":"https:\/\/artesenmontehermoso.com.ar\/index.php\/wp-json\/wp\/v2\/product\/417","targetHints":{"allow":["GET"]}}],"collection":[{"href":"https:\/\/artesenmontehermoso.com.ar\/index.php\/wp-json\/wp\/v2\/product"}],"about":[{"href":"https:\/\/artesenmontehermoso.com.ar\/index.php\/wp-json\/wp\/v2\/types\/product"}],"replies":[{"embeddable":true,"href":"https:\/\/artesenmontehermoso.com.ar\/index.php\/wp-json\/wp\/v2\/comments?post=417"}],"wp:featuredmedia":[{"embeddable":true,"href":"https:\/\/artesenmontehermoso.com.ar\/index.php\/wp-json\/wp\/v2\/media\/413"}],"wp:attachment":[{"href":"https:\/\/artesenmontehermoso.com.ar\/index.php\/wp-json\/wp\/v2\/media?parent=417"}],"wp:term":[{"taxonomy":"product_cat","embeddable":true,"href":"https:\/\/artesenmontehermoso.com.ar\/index.php\/wp-json\/wp\/v2\/product_cat?post=417"},{"taxonomy":"product_tag","embeddable":true,"href":"https:\/\/artesenmontehermoso.com.ar\/index.php\/wp-json\/wp\/v2\/product_tag?post=417"}],"curies":[{"name":"wp","href":"https:\/\/api.w.org\/{rel}","templated":true}]}}